{"id":12,"date":"2024-07-30T16:58:59","date_gmt":"2024-07-30T16:58:59","guid":{"rendered":"https:\/\/legacymediaevent.com\/korpa\/"},"modified":"2025-08-22T11:00:00","modified_gmt":"2025-08-22T09:00:00","slug":"korpa","status":"publish","type":"page","link":"https:\/\/legacymediaevent.com\/de\/korpa\/","title":{"rendered":"Korpa"},"content":{"rendered":"<div data-elementor-type=\"wp-page\" data-elementor-id=\"12\" class=\"elementor elementor-12\" data-elementor-post-type=\"page\">\n\t\t\t\t<div class=\"wd-negative-gap elementor-element elementor-element-d374bca wd-section-stretch e-flex e-con-boxed e-con e-parent\" data-id=\"d374bca\" data-element_type=\"container\" data-settings=\"{&quot;background_background&quot;:&quot;classic&quot;}\">\n\t\t\t\t\t<div class=\"e-con-inner\">\n\t\t<div class=\"elementor-element elementor-element-9e354f2 e-con-full e-flex e-con e-child\" data-id=\"9e354f2\" data-element_type=\"container\">\n\t\t<div class=\"elementor-element elementor-element-0daef48 e-con-full e-flex e-con e-child\" data-id=\"0daef48\" data-element_type=\"container\">\n\t\t\t\t<div class=\"elementor-element elementor-element-f5ebbec elementor-widget elementor-widget-heading\" data-id=\"f5ebbec\" data-element_type=\"widget\" data-widget_type=\"heading.default\">\n\t\t\t\t<div class=\"elementor-widget-container\">\n\t\t\t\t\t<h1 class=\"elementor-heading-title elementor-size-default\">Korpa<\/h1>\t\t\t\t<\/div>\n\t\t\t\t<\/div>\n\t\t\t\t<div class=\"elementor-element elementor-element-f50d781 elementor-widget elementor-widget-woocommerce-breadcrumb\" data-id=\"f50d781\" data-element_type=\"widget\" data-widget_type=\"woocommerce-breadcrumb.default\">\n\t\t\t\t<div class=\"elementor-widget-container\">\n\t\t\t\t\t<nav class=\"wd-breadcrumbs woocommerce-breadcrumb\" aria-label=\"Breadcrumb\">\t\t\t\t<span class=\"wd-last\">\n\t\t\t\t\tStartseite\t\t\t\t<\/span>\n\t\t\t<\/nav>\t\t\t\t<\/div>\n\t\t\t\t<\/div>\n\t\t\t\t<\/div>\n\t\t\t\t<\/div>\n\t\t\t\t\t<\/div>\n\t\t\t\t<\/div>\n\t\t<div class=\"wd-negative-gap elementor-element elementor-element-5b36831 e-flex e-con-boxed e-con e-parent\" data-id=\"5b36831\" data-element_type=\"container\">\n\t\t\t\t\t<div class=\"e-con-inner\">\n\t\t\t\t\t<\/div>\n\t\t\t\t<\/div>\n\t\t\t\t<\/div>","protected":false},"excerpt":{"rendered":"<p>Ukloni stavku Sli\u010dica Proizvod Cena Koli\u010dina Ukupno &times; Stand Up Srdjan Din\u010di\u0107 &#8222;Merkur besku\u0107nik&#8220; Sektor: A 40.00&nbsp;&euro; Stand Up Srdjan<\/p>","protected":false},"author":1,"featured_media":0,"parent":0,"menu_order":0,"comment_status":"closed","ping_status":"closed","template":"","meta":{"_acf_changed":false,"footnotes":""},"class_list":["post-12","page","type-page","status-publish","hentry"],"acf":[],"jetpack_sharing_enabled":true,"_links":{"self":[{"href":"https:\/\/legacymediaevent.com\/de\/wp-json\/wp\/v2\/pages\/12","targetHints":{"allow":["GET"]}}],"collection":[{"href":"https:\/\/legacymediaevent.com\/de\/wp-json\/wp\/v2\/pages"}],"about":[{"href":"https:\/\/legacymediaevent.com\/de\/wp-json\/wp\/v2\/types\/page"}],"author":[{"embeddable":true,"href":"https:\/\/legacymediaevent.com\/de\/wp-json\/wp\/v2\/users\/1"}],"replies":[{"embeddable":true,"href":"https:\/\/legacymediaevent.com\/de\/wp-json\/wp\/v2\/comments?post=12"}],"version-history":[{"count":3,"href":"https:\/\/legacymediaevent.com\/de\/wp-json\/wp\/v2\/pages\/12\/revisions"}],"predecessor-version":[{"id":18577,"href":"https:\/\/legacymediaevent.com\/de\/wp-json\/wp\/v2\/pages\/12\/revisions\/18577"}],"wp:attachment":[{"href":"https:\/\/legacymediaevent.com\/de\/wp-json\/wp\/v2\/media?parent=12"}],"curies":[{"name":"wp","href":"https:\/\/api.w.org\/{rel}","templated":true}]}}