{"id":15764,"date":"2024-08-05T09:54:28","date_gmt":"2024-08-05T09:54:28","guid":{"rendered":"https:\/\/legacymediaevent.com\/?page_id=15764"},"modified":"2025-01-31T17:54:50","modified_gmt":"2025-01-31T16:54:50","slug":"info-stranice","status":"publish","type":"page","link":"https:\/\/legacymediaevent.com\/de\/info-stranice\/","title":{"rendered":"Info stranice"},"content":{"rendered":"<div data-elementor-type=\"wp-page\" data-elementor-id=\"15764\" class=\"elementor elementor-15764\" data-elementor-post-type=\"page\">\n\t\t\t\t<div class=\"wd-negative-gap elementor-element elementor-element-7ea9ab8 e-flex e-con-boxed e-con e-parent\" data-id=\"7ea9ab8\" data-element_type=\"container\">\n\t\t\t\t\t<div class=\"e-con-inner\">\n\t\t\t\t<div class=\"elementor-element elementor-element-7c914a3 color-scheme-inherit text-left elementor-widget elementor-widget-text-editor\" data-id=\"7c914a3\" data-element_type=\"widget\" data-widget_type=\"text-editor.default\">\n\t\t\t\t<div class=\"elementor-widget-container\">\n\t\t\t\t\t\t\t\t\t<p style=\"text-align: justify\">Sve informativne strane i strane servisa mo\u017eete pogledati ispod:<\/p><ul><li><a href=\"\/de\/info-stranice\/politika-privatnosti\/\">Politika privatnosti<\/a><\/li><li><a href=\"\/de\/info-stranice\/obavestenje-o-kolacicima\/\">Obave\u0161tenje o kola\u010di\u0107ima<\/a><\/li><\/ul>\t\t\t\t\t\t\t\t<\/div>\n\t\t\t\t<\/div>\n\t\t\t\t\t<\/div>\n\t\t\t\t<\/div>\n\t\t\t\t<\/div>","protected":false},"excerpt":{"rendered":"<p>Sve informativne strane i strane servisa mo\u017eete pogledati ispod: Politika privatnosti Obave\u0161tenje o kola\u010di\u0107ima<\/p>","protected":false},"author":11,"featured_media":0,"parent":0,"menu_order":0,"comment_status":"closed","ping_status":"closed","template":"elementor_header_footer","meta":{"_acf_changed":false,"footnotes":""},"class_list":["post-15764","page","type-page","status-publish","hentry"],"acf":[],"jetpack_sharing_enabled":true,"_links":{"self":[{"href":"https:\/\/legacymediaevent.com\/de\/wp-json\/wp\/v2\/pages\/15764","targetHints":{"allow":["GET"]}}],"collection":[{"href":"https:\/\/legacymediaevent.com\/de\/wp-json\/wp\/v2\/pages"}],"about":[{"href":"https:\/\/legacymediaevent.com\/de\/wp-json\/wp\/v2\/types\/page"}],"author":[{"embeddable":true,"href":"https:\/\/legacymediaevent.com\/de\/wp-json\/wp\/v2\/users\/11"}],"replies":[{"embeddable":true,"href":"https:\/\/legacymediaevent.com\/de\/wp-json\/wp\/v2\/comments?post=15764"}],"version-history":[{"count":23,"href":"https:\/\/legacymediaevent.com\/de\/wp-json\/wp\/v2\/pages\/15764\/revisions"}],"predecessor-version":[{"id":17212,"href":"https:\/\/legacymediaevent.com\/de\/wp-json\/wp\/v2\/pages\/15764\/revisions\/17212"}],"wp:attachment":[{"href":"https:\/\/legacymediaevent.com\/de\/wp-json\/wp\/v2\/media?parent=15764"}],"curies":[{"name":"wp","href":"https:\/\/api.w.org\/{rel}","templated":true}]}}