{"id":15790,"date":"2024-08-05T12:46:37","date_gmt":"2024-08-05T12:46:37","guid":{"rendered":"https:\/\/legacymediaevent.com\/?page_id=15790"},"modified":"2025-01-31T17:54:21","modified_gmt":"2025-01-31T16:54:21","slug":"obavestenje-o-kolacicima","status":"publish","type":"page","link":"https:\/\/legacymediaevent.com\/de\/obavestenje-o-kolacicima\/","title":{"rendered":"Obave\u0161tenje o kola\u010di\u0107ima"},"content":{"rendered":"<div data-elementor-type=\"wp-page\" data-elementor-id=\"15790\" class=\"elementor elementor-15790\" data-elementor-post-type=\"page\">\n\t\t\t\t<div class=\"wd-negative-gap elementor-element elementor-element-3a1737b e-flex e-con-boxed e-con e-parent\" data-id=\"3a1737b\" data-element_type=\"container\">\n\t\t\t\t\t<div class=\"e-con-inner\">\n\t\t\t\t<div class=\"elementor-element elementor-element-7feab2a color-scheme-inherit text-left elementor-widget elementor-widget-text-editor\" data-id=\"7feab2a\" data-element_type=\"widget\" data-widget_type=\"text-editor.default\">\n\t\t\t\t<div class=\"elementor-widget-container\">\n\t\t\t\t\t\t\t\t\t<p style=\"text-align: justify\">Tokom kori\u0161\u0107enja ove internet stranice, <strong>Legacy Media Events<\/strong> mo\u017ee da sa\u010duva odre\u0111ene informacije putem kola\u010di\u0107a (&#8220;cookie&#8220;) na ra\u010dunar korisnika i time omogu\u0107ava stranici da vam prika\u017ee informacije koje su prilago\u0111ene va\u0161im potrebama. Ovaj dokument pru\u017ea detaljne informacije o upotrebi kola\u010di\u0107a i sli\u010dnih tehnologija, metodama upravljanja kola\u010di\u0107ima i na\u010dinu na koji se koriste unutar na\u0161ih internet stranica.<\/p>\n\n<br>\n\n<h3>\u0160ta je to kola\u010di\u0107 (cookie)?<\/h3>\n\n<p style=\"text-align: justify\">Kola\u010di\u0107 (cookie) je mala datoteka (koja sadr\u017ei brojeve i slova) koja se \u010duva na korisnikovom ra\u010dunaru u trenutku kad pristupite odre\u0111enim internet stranicama. Kola\u010di\u0107i omogu\u0107avaju internet stranici prepoznavanje interesa korisnika prema onome \u0161to je korisnik prilikom povratka na stranicu odabirao. Kola\u010di\u0107 sam po sebi ne sadr\u017ei niti prikuplja podatke. Me\u0111utim, kad ga server pripremi u kombinaciji sa internet pregleda\u010dem (browser), on mo\u017ee pomo\u0107i internet stranici da isporu\u010di korisniku prilago\u0111eniju uslugu \u2013 na primer, pam\u0107enjem prethodnih kupovina ili pojedinosti o ra\u010dunu. Kola\u010di\u0107i se nalaze u memoriji va\u0161eg pregleda\u010da i svaki obi\u010dno sadr\u017ei podatke kao \u0161to su npr. naziv servera sa kojeg je kola\u010di\u0107 poslat, vreme trajanja kola\u010di\u0107a i vrednost (obi\u010dno slu\u010dajno generisan jedinstveni broj).<\/p>\n\n<br>\n\n<h3>Koje kola\u010di\u0107e koristimo i za\u0161to?<\/h3>\n\n<p style=\"text-align: justify\"><strong>Legacy Media Events<\/strong> koristi kola\u010di\u0107e u svrhu ogla\u0161avanja svojih proizvoda. Prikazivanje oglasa koje korisniku dostavlja <strong>Legacy Media Events<\/strong> omogu\u0107uje se putem kola\u010di\u0107a koje mo\u017eemo da postavimo u Internet pregleda\u010d korisnika. <strong>Legacy Media Events<\/strong> tako\u0111e upotrebljava kola\u010di\u0107e u svrhu merenja pose\u0107enosti i ogla\u0161avanja proizvoda\/usluga i to na samoj veb stranici, na mre\u017eama multimedijalnog ogla\u0161avanja, kao i kroz kori\u0161\u0107enje remarketinga. Upotrebom kola\u010di\u0107a dobavlja\u010di tre\u0107e strane (uklju\u010duju\u0107i i Google), u saradnji sa <strong>Legacy Media Events<\/strong> prikazuju oglase na veb lokacijama na celom internetu. Posebno isti\u010demo da mo\u017eete da isklju\u010dite usluge Google Analytics za ogla\u0161avanje na mre\u017eama multimedijalnog ogla\u0161avanja i da prilagodite oglase za Google mre\u017eu multimedijalnog ogla\u0161avanja.<\/p>\n\n<p style=\"text-align: justify\">Koristimo privremene kola\u010di\u0107e (&#8220;Session cookies&#8220;) i stalne kola\u010di\u0107e (&#8220;Persistent cookies&#8220;). Privremeni kola\u010di\u0107i ili kola\u010di\u0107i sesije su kola\u010di\u0107i koji se uklanjaju sa ra\u010dunara nakon zatvaranja internet pregleda\u010da. Pomo\u0107u njih Internet stranice \u010duvaju privremene podatke, poput stavki u korpi tokom kupovine.<\/p>\n\n<p style=\"text-align: justify\">Stalni ili trajni kola\u010di\u0107i su oni kola\u010di\u0107i koji ostaju na ra\u010dunaru nakon zatvaranja internet pregleda\u010da. Pomo\u0107u njih Internet stranice \u010duvaju podatke, kao \u0161to su ime za prijavu i lozinka, tako da se ne morate prijavljivati prilikom svake posete odre\u0111enim stranicama. Stalni kola\u010di\u0107i mogu ostati na ra\u010dunaru danima, mesecima i godinama.<\/p>\n\n<p style=\"text-align: justify\">Kola\u010di\u0107i prve strane su kola\u010di\u0107i koji dolaze s Internet stranice koje gledate, a mogu biti stalni ili privremeni. Pomo\u0107u tih kola\u010di\u0107a Internet stranice mogu \u010duvati podatke koje \u0107e ponovo koristiti prilikom slede\u0107e posete toj Internet stranici.<\/p>\n\n<br>\n\n<h3>Koliko dugo <strong>Legacy Media Events<\/strong> \u010duva moje podatke?<\/h3>\n\n<p style=\"text-align: justify\"><strong>Legacy Media Events<\/strong> \u010duva sve podatke koje korisnici ostave putem veb formulara u skladu sa va\u017ee\u0107im zakonskim propisima i eti\u010dkim standardima za \u010duvanje, izve\u0161tavanje i dokumentovanje li\u010dnih podataka. Svi prikupljeni podaci se koriste isklju\u010divo radi izvr\u0161avanja upita i narud\u017ebina koje ste ostavili na na\u0161im stranicama. Vremenski period tokom kojeg se \u010duvaju podaci je odre\u0111en na vreme potrebno za ostvarenje svrhe prikupljanja podataka.<\/p>\n\n<br>\n\n<h3>Kako mo\u017eete onemogu\u0107iti kola\u010di\u0107e?<\/h3>\n\n<p style=\"text-align: justify\">Ukoliko to \u017eelite, mo\u017eete onemogu\u0107iti \u010duvanje kola\u010di\u0107a na va\u0161em ra\u010dunaru. Ipak, blokiranje svih kola\u010di\u0107a moglo bi da ima negativan uticaj na kori\u0161\u0107enje mnogih internet stranica, pa tako i <strong>Legacy Media Events<\/strong> stranica. Pode\u0161avanja kola\u010di\u0107a mogu da se kontroli\u0161u i konfiguri\u0161u u va\u0161em internet pregleda\u010du. Ukoliko \u017eelite da ih izbri\u0161ete i onemogu\u0107ite, potrebno je da a\u017eurirate pode\u0161avanja va\u0161eg internet pregleda\u010da (informacije o na\u010dinu brisanja i onemogu\u0107avanja kola\u010di\u0107a potra\u017eite u svom internet pregleda\u010du odabirom opcije za pomo\u0107).<\/p>\n\n<p style=\"text-align: justify\">Molimo da posetite slede\u0107e linkove kako biste dobili vi\u0161e informacija o tome kako da upravljate pode\u0161avanjima kola\u010dic\u0301a:<\/p>\n\n<ul>\n\t<li><a href=\"https:\/\/support.microsoft.com\/en-gb\/help\/17442\/windows-internet-explorer-delete-manage-cookies\" target=\"_blank\" rel=\"noopener\">Pode\u0161avanje kola\u010di\u0107a u Internet Explorer-u<\/a><\/li>\n\t<li><a href=\"https:\/\/support.mozilla.org\/en-US\/products\/firefox\/protect-your-privacy\/cookies\" target=\"_blank\" rel=\"noopener\">Pode\u0161avanje kola\u010di\u0107a u Firefox-u<\/a><\/li>\n\t<li><a href=\"https:\/\/support.google.com\/chrome\/answer\/95647?hl=en\" target=\"_blank\" rel=\"noopener\">Pode\u0161avanje kola\u010di\u0107a u Chrome-u<\/a><\/li>\n\t<li><a href=\"https:\/\/support.apple.com\/sr-rs\/guide\/safari\/sfri11471\/mac\" target=\"_blank\" rel=\"noopener\">Pode\u0161avanje kola\u010di\u0107a u Safari-ju<\/a><\/li>\n<\/ul>\n\n<p style=\"text-align: justify\"><strong>Legacy Media Events<\/strong> isklju\u010duje svaku odgovornost za bilo kakav gubitak funkcionalnosti usluga i kvalitet sadr\u017eaja na <strong>Legacy Media Events<\/strong> korisni\u010dkim stranicama u svim slu\u010dajevima odabira ure\u0111enja primanja kola\u010di\u0107a od strane korisnika. Isto tako, ako \u017eelite, mo\u017eete isklju\u010diti i usluge Google Analytics za ogla\u0161avanje na mre\u017ei multimedijalnog ogla\u0161avanja i prilagoditi oglase za Google mre\u017eu multimedijalnog ogla\u0161avanja.<\/p>\n\n<br>\n\n<h3>Dodatno o kola\u010di\u0107ima<\/h3>\n\n<p style=\"text-align: justify\">Dru\u0161tvene mre\u017ee tako\u0111e mogu da postavljaju kola\u010di\u0107e na va\u0161 ra\u010dunar. To se doga\u0111a na veb stranicama koje vam omogu\u0107avaju prijavu i registraciju putem naloga dru\u0161tvenih mre\u017ea te ukoliko delite sadr\u017eaj veb stranice na dru\u0161tvenim mre\u017eama. Konkretni uticaj na va\u0161u privatnost \u0107e se razlikovati od dru\u0161tvene mre\u017ee do dru\u0161tvene mre\u017ee i zavisi od pode\u0161avanja privatnosti koje ste izabrali na tim mre\u017eama. Kako upravljati ovim kola\u010di\u0107ima mo\u017eete saznati na njihovim veb stranicama.<\/p>\n\n<p style=\"text-align: justify\"><strong>Legacy Media Events<\/strong> \u0107e po\u0161tovati anonimnost i privatnost korisnika njegovih veb stranica. <strong>Legacy Media Events<\/strong> mo\u017ee da prikuplja podatke korisnika, kao \u0161to su npr. ime, adresa, telefonski broj ili e-mail adresa ako iste korisnik dobrovoljno dostavi <strong>Legacy Media Events<\/strong> putem veb stranice ili drugih kanala komunikacije.<\/p>\n\n<p style=\"text-align: justify\"><strong>Legacy Media Events<\/strong> \u0107e navedene podatke koristiti isklju\u010divo u svrhu \u0161to boljeg uvida i razumevanja pojedina\u010dnih potreba i zahteva korisnika, kao i razvijanja mogu\u0107nosti \u0161to kvalitetnijeg pru\u017eanja svih usluga na zadovoljstvo korisnika.<\/p>\n\n<br>\t\t\t\t\t\t\t\t<\/div>\n\t\t\t\t<\/div>\n\t\t\t\t\t<\/div>\n\t\t\t\t<\/div>\n\t\t\t\t<\/div>","protected":false},"excerpt":{"rendered":"<p>Tokom kori\u0161\u0107enja ove internet stranice, mo\u017ee da sa\u010duva odre\u0111ene informacije putem kola\u010di\u0107a (&#8220;cookie&#8220;) na ra\u010dunar korisnika i time omogu\u0107ava stranici<\/p>","protected":false},"author":11,"featured_media":0,"parent":0,"menu_order":0,"comment_status":"closed","ping_status":"closed","template":"elementor_header_footer","meta":{"_acf_changed":false,"footnotes":""},"class_list":["post-15790","page","type-page","status-publish","hentry"],"acf":[],"jetpack_sharing_enabled":true,"_links":{"self":[{"href":"https:\/\/legacymediaevent.com\/de\/wp-json\/wp\/v2\/pages\/15790","targetHints":{"allow":["GET"]}}],"collection":[{"href":"https:\/\/legacymediaevent.com\/de\/wp-json\/wp\/v2\/pages"}],"about":[{"href":"https:\/\/legacymediaevent.com\/de\/wp-json\/wp\/v2\/types\/page"}],"author":[{"embeddable":true,"href":"https:\/\/legacymediaevent.com\/de\/wp-json\/wp\/v2\/users\/11"}],"replies":[{"embeddable":true,"href":"https:\/\/legacymediaevent.com\/de\/wp-json\/wp\/v2\/comments?post=15790"}],"version-history":[{"count":5,"href":"https:\/\/legacymediaevent.com\/de\/wp-json\/wp\/v2\/pages\/15790\/revisions"}],"predecessor-version":[{"id":17208,"href":"https:\/\/legacymediaevent.com\/de\/wp-json\/wp\/v2\/pages\/15790\/revisions\/17208"}],"wp:attachment":[{"href":"https:\/\/legacymediaevent.com\/de\/wp-json\/wp\/v2\/media?parent=15790"}],"curies":[{"name":"wp","href":"https:\/\/api.w.org\/{rel}","templated":true}]}}