{"id":38,"date":"2021-08-26T12:19:34","date_gmt":"2021-08-26T12:19:34","guid":{"rendered":"http:\/\/dummy.xtemos.com\/woodmart2\/elementor\/?page_id=38"},"modified":"2025-08-21T20:26:20","modified_gmt":"2025-08-21T18:26:20","slug":"blog","status":"publish","type":"page","link":"https:\/\/legacymediaevent.com\/de\/blog\/","title":{"rendered":"Blog"},"content":{"rendered":"<div data-elementor-type=\"wp-page\" data-elementor-id=\"38\" class=\"elementor elementor-38\" data-elementor-post-type=\"page\">\n\t\t\t\t<div class=\"wd-negative-gap elementor-element elementor-element-2d38354 wd-section-stretch e-flex e-con-boxed e-con e-parent\" data-id=\"2d38354\" data-element_type=\"container\" data-settings=\"{&quot;background_background&quot;:&quot;classic&quot;}\">\n\t\t\t\t\t<div class=\"e-con-inner\">\n\t\t<div class=\"elementor-element elementor-element-cee5ca0 e-con-full e-flex e-con e-child\" data-id=\"cee5ca0\" data-element_type=\"container\">\n\t\t<div class=\"elementor-element elementor-element-913d3ae e-con-full e-flex e-con e-child\" data-id=\"913d3ae\" data-element_type=\"container\">\n\t\t\t\t<div class=\"elementor-element elementor-element-27773af elementor-widget elementor-widget-heading\" data-id=\"27773af\" data-element_type=\"widget\" data-widget_type=\"heading.default\">\n\t\t\t\t<div class=\"elementor-widget-container\">\n\t\t\t\t\t<h1 class=\"elementor-heading-title elementor-size-default\">Blog<\/h1>\t\t\t\t<\/div>\n\t\t\t\t<\/div>\n\t\t\t\t<div class=\"elementor-element elementor-element-5b9aa3d elementor-widget elementor-widget-woocommerce-breadcrumb\" data-id=\"5b9aa3d\" data-element_type=\"widget\" data-widget_type=\"woocommerce-breadcrumb.default\">\n\t\t\t\t<div class=\"elementor-widget-container\">\n\t\t\t\t\t<nav class=\"wd-breadcrumbs woocommerce-breadcrumb\" aria-label=\"Breadcrumb\">\t\t\t\t<span class=\"wd-last\">\n\t\t\t\t\tStartseite\t\t\t\t<\/span>\n\t\t\t<\/nav>\t\t\t\t<\/div>\n\t\t\t\t<\/div>\n\t\t\t\t<\/div>\n\t\t\t\t<\/div>\n\t\t\t\t\t<\/div>\n\t\t\t\t<\/div>\n\t\t<div class=\"wd-negative-gap elementor-element elementor-element-bde8e81 wd-section-stretch e-flex e-con-boxed e-con e-parent\" data-id=\"bde8e81\" data-element_type=\"container\">\n\t\t\t\t\t<div class=\"e-con-inner\">\n\t\t\t\t<div class=\"elementor-element elementor-element-1ddcb98 elementor-grid-3 elementor-grid-tablet-2 elementor-grid-mobile-1 elementor-posts--thumbnail-top elementor-card-shadow-yes elementor-posts__hover-gradient elementor-widget elementor-widget-posts\" data-id=\"1ddcb98\" data-element_type=\"widget\" data-settings=\"{&quot;cards_row_gap&quot;:{&quot;unit&quot;:&quot;px&quot;,&quot;size&quot;:38,&quot;sizes&quot;:[]},&quot;cards_columns&quot;:&quot;3&quot;,&quot;cards_columns_tablet&quot;:&quot;2&quot;,&quot;cards_columns_mobile&quot;:&quot;1&quot;,&quot;cards_row_gap_tablet&quot;:{&quot;unit&quot;:&quot;px&quot;,&quot;size&quot;:&quot;&quot;,&quot;sizes&quot;:[]},&quot;cards_row_gap_mobile&quot;:{&quot;unit&quot;:&quot;px&quot;,&quot;size&quot;:&quot;&quot;,&quot;sizes&quot;:[]}}\" data-widget_type=\"posts.cards\">\n\t\t\t\t<div class=\"elementor-widget-container\">\n\t\t\t\t\t\t\t<div class=\"elementor-posts-container elementor-posts elementor-posts--skin-cards elementor-grid\" role=\"list\">\n\t\t\t\t<article class=\"elementor-post elementor-grid-item post-17968 post type-post status-publish format-standard has-post-thumbnail hentry category-saveti\" role=\"listitem\">\n\t\t\t<div class=\"elementor-post__card\">\n\t\t\t\t<a class=\"elementor-post__thumbnail__link\" href=\"https:\/\/legacymediaevent.com\/de\/kako-pozoriste-pomaze-ocuvanju-narodnih-obicaja\/\" tabindex=\"-1\" ><div class=\"elementor-post__thumbnail\"><img loading=\"lazy\" decoding=\"async\" width=\"936\" height=\"624\" src=\"https:\/\/legacymediaevent.com\/wp-content\/uploads\/2025\/04\/Kako-pozoriste-pomaze-ocuvanju-narodnih-obicaja.jpg\" class=\"attachment-medium size-medium wp-image-17970\" alt=\"\" srcset=\"https:\/\/legacymediaevent.com\/wp-content\/uploads\/2025\/04\/Kako-pozoriste-pomaze-ocuvanju-narodnih-obicaja.jpg 936w, https:\/\/legacymediaevent.com\/wp-content\/uploads\/2025\/04\/Kako-pozoriste-pomaze-ocuvanju-narodnih-obicaja-430x287.jpg 430w, https:\/\/legacymediaevent.com\/wp-content\/uploads\/2025\/04\/Kako-pozoriste-pomaze-ocuvanju-narodnih-obicaja-150x100.jpg 150w, https:\/\/legacymediaevent.com\/wp-content\/uploads\/2025\/04\/Kako-pozoriste-pomaze-ocuvanju-narodnih-obicaja-700x467.jpg 700w, https:\/\/legacymediaevent.com\/wp-content\/uploads\/2025\/04\/Kako-pozoriste-pomaze-ocuvanju-narodnih-obicaja-768x512.jpg 768w, https:\/\/legacymediaevent.com\/wp-content\/uploads\/2025\/04\/Kako-pozoriste-pomaze-ocuvanju-narodnih-obicaja-18x12.jpg 18w\" sizes=\"auto, (max-width: 936px) 100vw, 936px\" \/><\/div><\/a>\n\t\t\t\t<div class=\"elementor-post__text\">\n\t\t\t\t<h2 class=\"elementor-post__title\">\n\t\t\t<a href=\"https:\/\/legacymediaevent.com\/de\/kako-pozoriste-pomaze-ocuvanju-narodnih-obicaja\/\" >\n\t\t\t\tKako pozori\u0161te poma\u017ee o\u010duvanju narodnih obi\u010daja?\t\t\t<\/a>\n\t\t<\/h2>\n\t\t\t\t<div class=\"elementor-post__excerpt\">\n\t\t\t<p>Pozori\u0161te je oduvek bilo mnogo vi\u0161e od umetni\u010dkog izraza. Kroz vekove, ono je bilo ogledalo dru\u0161tva, prostor za kritiku, ali<\/p>\n\t\t<\/div>\n\t\t\t\t<\/div>\n\t\t\t\t<div class=\"elementor-post__meta-data\">\n\t\t\t\t\t<span class=\"elementor-post-date\">\n\t\t\tApril 4, 2025\t\t<\/span>\n\t\t\t\t<span class=\"elementor-post-avatar\">\n\t\t\tKeine Kommentare\t\t<\/span>\n\t\t\t\t<\/div>\n\t\t\t\t\t<\/div>\n\t\t<\/article>\n\t\t\t\t<article class=\"elementor-post elementor-grid-item post-17963 post type-post status-publish format-standard has-post-thumbnail hentry category-saveti\" role=\"listitem\">\n\t\t\t<div class=\"elementor-post__card\">\n\t\t\t\t<a class=\"elementor-post__thumbnail__link\" href=\"https:\/\/legacymediaevent.com\/de\/kako-podrzati-umetnost-u-dijaspori-uloga-sponzora-i-publike\/\" tabindex=\"-1\" ><div class=\"elementor-post__thumbnail\"><img loading=\"lazy\" decoding=\"async\" width=\"936\" height=\"624\" src=\"https:\/\/legacymediaevent.com\/wp-content\/uploads\/2025\/04\/Kako-podrzati-umetnost-u-dijaspori-Uloga-sponzora-i-publike.jpg\" class=\"attachment-medium size-medium wp-image-17965\" alt=\"\" srcset=\"https:\/\/legacymediaevent.com\/wp-content\/uploads\/2025\/04\/Kako-podrzati-umetnost-u-dijaspori-Uloga-sponzora-i-publike.jpg 936w, https:\/\/legacymediaevent.com\/wp-content\/uploads\/2025\/04\/Kako-podrzati-umetnost-u-dijaspori-Uloga-sponzora-i-publike-430x287.jpg 430w, https:\/\/legacymediaevent.com\/wp-content\/uploads\/2025\/04\/Kako-podrzati-umetnost-u-dijaspori-Uloga-sponzora-i-publike-150x100.jpg 150w, https:\/\/legacymediaevent.com\/wp-content\/uploads\/2025\/04\/Kako-podrzati-umetnost-u-dijaspori-Uloga-sponzora-i-publike-700x467.jpg 700w, https:\/\/legacymediaevent.com\/wp-content\/uploads\/2025\/04\/Kako-podrzati-umetnost-u-dijaspori-Uloga-sponzora-i-publike-768x512.jpg 768w, https:\/\/legacymediaevent.com\/wp-content\/uploads\/2025\/04\/Kako-podrzati-umetnost-u-dijaspori-Uloga-sponzora-i-publike-18x12.jpg 18w\" sizes=\"auto, (max-width: 936px) 100vw, 936px\" \/><\/div><\/a>\n\t\t\t\t<div class=\"elementor-post__text\">\n\t\t\t\t<h2 class=\"elementor-post__title\">\n\t\t\t<a href=\"https:\/\/legacymediaevent.com\/de\/kako-podrzati-umetnost-u-dijaspori-uloga-sponzora-i-publike\/\" >\n\t\t\t\tKako podr\u017eati umetnost u dijaspori? Uloga sponzora i publike\t\t\t<\/a>\n\t\t<\/h2>\n\t\t\t\t<div class=\"elementor-post__excerpt\">\n\t\t\t<p>Umetnost je sna\u017ean most izme\u0111u kultura, naroda i generacija. Za ljude u dijaspori, ona ima jo\u0161 ve\u0107i zna\u010daj jer omogu\u0107ava<\/p>\n\t\t<\/div>\n\t\t\t\t<\/div>\n\t\t\t\t<div class=\"elementor-post__meta-data\">\n\t\t\t\t\t<span class=\"elementor-post-date\">\n\t\t\tApril 4, 2025\t\t<\/span>\n\t\t\t\t<span class=\"elementor-post-avatar\">\n\t\t\tKeine Kommentare\t\t<\/span>\n\t\t\t\t<\/div>\n\t\t\t\t\t<\/div>\n\t\t<\/article>\n\t\t\t\t<article class=\"elementor-post elementor-grid-item post-17956 post type-post status-publish format-standard has-post-thumbnail hentry category-saveti\" role=\"listitem\">\n\t\t\t<div class=\"elementor-post__card\">\n\t\t\t\t<a class=\"elementor-post__thumbnail__link\" href=\"https:\/\/legacymediaevent.com\/de\/zasto-su-komedije-najtrazeniji-zanr-u-dijaspori\/\" tabindex=\"-1\" ><div class=\"elementor-post__thumbnail\"><img loading=\"lazy\" decoding=\"async\" width=\"936\" height=\"638\" src=\"https:\/\/legacymediaevent.com\/wp-content\/uploads\/2025\/04\/Zasto-su-komedije-najtrazeniji-zanr-u-dijaspori.jpg\" class=\"attachment-medium size-medium wp-image-17958\" alt=\"\" srcset=\"https:\/\/legacymediaevent.com\/wp-content\/uploads\/2025\/04\/Zasto-su-komedije-najtrazeniji-zanr-u-dijaspori.jpg 936w, https:\/\/legacymediaevent.com\/wp-content\/uploads\/2025\/04\/Zasto-su-komedije-najtrazeniji-zanr-u-dijaspori-430x293.jpg 430w, https:\/\/legacymediaevent.com\/wp-content\/uploads\/2025\/04\/Zasto-su-komedije-najtrazeniji-zanr-u-dijaspori-150x102.jpg 150w, https:\/\/legacymediaevent.com\/wp-content\/uploads\/2025\/04\/Zasto-su-komedije-najtrazeniji-zanr-u-dijaspori-700x477.jpg 700w, https:\/\/legacymediaevent.com\/wp-content\/uploads\/2025\/04\/Zasto-su-komedije-najtrazeniji-zanr-u-dijaspori-768x523.jpg 768w, https:\/\/legacymediaevent.com\/wp-content\/uploads\/2025\/04\/Zasto-su-komedije-najtrazeniji-zanr-u-dijaspori-18x12.jpg 18w\" sizes=\"auto, (max-width: 936px) 100vw, 936px\" \/><\/div><\/a>\n\t\t\t\t<div class=\"elementor-post__text\">\n\t\t\t\t<h2 class=\"elementor-post__title\">\n\t\t\t<a href=\"https:\/\/legacymediaevent.com\/de\/zasto-su-komedije-najtrazeniji-zanr-u-dijaspori\/\" >\n\t\t\t\tZa\u0161to su komedije najtra\u017eeniji \u017eanr u dijaspori?\t\t\t<\/a>\n\t\t<\/h2>\n\t\t\t\t<div class=\"elementor-post__excerpt\">\n\t\t\t<p>Umetnost ima mo\u0107 da povezuje ljude, evocira uspomene i budi emocije koje prevazilaze geografske granice. Me\u0111u svim \u017eanrovima pozori\u0161ta, komedija<\/p>\n\t\t<\/div>\n\t\t\t\t<\/div>\n\t\t\t\t<div class=\"elementor-post__meta-data\">\n\t\t\t\t\t<span class=\"elementor-post-date\">\n\t\t\tApril 4, 2025\t\t<\/span>\n\t\t\t\t<span class=\"elementor-post-avatar\">\n\t\t\tKeine Kommentare\t\t<\/span>\n\t\t\t\t<\/div>\n\t\t\t\t\t<\/div>\n\t\t<\/article>\n\t\t\t\t<article class=\"elementor-post elementor-grid-item post-16888 post type-post status-publish format-standard hentry category-vesti\" role=\"listitem\">\n\t\t\t<div class=\"elementor-post__card\">\n\t\t\t\t<div class=\"elementor-post__text\">\n\t\t\t\t<h2 class=\"elementor-post__title\">\n\t\t\t<a href=\"https:\/\/legacymediaevent.com\/de\/stand-up-vece-u-reutlingenu\/\" >\n\t\t\t\tStand-up Ve\u010de u Reutlingenu\t\t\t<\/a>\n\t\t<\/h2>\n\t\t\t\t<div class=\"elementor-post__excerpt\">\n\t\t\t<p>Stand-up Ve\u010de u Reutlingenu: Goran Vin\u010di\u0107 Vin\u010da odu\u0161evio publiku Oktobar 2024. godine doneo je jedno nezaboravno ve\u010de smeha i pozitivne<\/p>\n\t\t<\/div>\n\t\t\t\t<\/div>\n\t\t\t\t<div class=\"elementor-post__meta-data\">\n\t\t\t\t\t<span class=\"elementor-post-date\">\n\t\t\tJanuar 27, 2025\t\t<\/span>\n\t\t\t\t<span class=\"elementor-post-avatar\">\n\t\t\tKeine Kommentare\t\t<\/span>\n\t\t\t\t<\/div>\n\t\t\t\t\t<\/div>\n\t\t<\/article>\n\t\t\t\t<\/div>\n\t\t\n\t\t\t\t\t\t<\/div>\n\t\t\t\t<\/div>\n\t\t\t\t\t<\/div>\n\t\t\t\t<\/div>\n\t\t\t\t<\/div>","protected":false},"excerpt":{"rendered":"","protected":false},"author":1,"featured_media":0,"parent":0,"menu_order":0,"comment_status":"closed","ping_status":"closed","template":"","meta":{"_acf_changed":false,"footnotes":""},"class_list":["post-38","page","type-page","status-publish","hentry"],"acf":[],"jetpack_sharing_enabled":true,"_links":{"self":[{"href":"https:\/\/legacymediaevent.com\/de\/wp-json\/wp\/v2\/pages\/38","targetHints":{"allow":["GET"]}}],"collection":[{"href":"https:\/\/legacymediaevent.com\/de\/wp-json\/wp\/v2\/pages"}],"about":[{"href":"https:\/\/legacymediaevent.com\/de\/wp-json\/wp\/v2\/types\/page"}],"author":[{"embeddable":true,"href":"https:\/\/legacymediaevent.com\/de\/wp-json\/wp\/v2\/users\/1"}],"replies":[{"embeddable":true,"href":"https:\/\/legacymediaevent.com\/de\/wp-json\/wp\/v2\/comments?post=38"}],"version-history":[{"count":3,"href":"https:\/\/legacymediaevent.com\/de\/wp-json\/wp\/v2\/pages\/38\/revisions"}],"predecessor-version":[{"id":18422,"href":"https:\/\/legacymediaevent.com\/de\/wp-json\/wp\/v2\/pages\/38\/revisions\/18422"}],"wp:attachment":[{"href":"https:\/\/legacymediaevent.com\/de\/wp-json\/wp\/v2\/media?parent=38"}],"curies":[{"name":"wp","href":"https:\/\/api.w.org\/{rel}","templated":true}]}}