{"id":4400,"date":"2021-10-12T15:51:09","date_gmt":"2021-10-12T15:51:09","guid":{"rendered":"http:\/\/dummy.xtemos.com\/woodmart2\/elementor\/?page_id=4400"},"modified":"2025-08-21T20:25:53","modified_gmt":"2025-08-21T18:25:53","slug":"o-nama","status":"publish","type":"page","link":"https:\/\/legacymediaevent.com\/de\/o-nama\/","title":{"rendered":"O nama"},"content":{"rendered":"<div data-elementor-type=\"wp-page\" data-elementor-id=\"4400\" class=\"elementor elementor-4400\" data-elementor-post-type=\"page\">\n\t\t\t\t<div class=\"wd-negative-gap elementor-element elementor-element-c2cbcf9 wd-section-stretch e-flex e-con-boxed e-con e-parent\" data-id=\"c2cbcf9\" data-element_type=\"container\" data-settings=\"{&quot;background_background&quot;:&quot;classic&quot;}\">\n\t\t\t\t\t<div class=\"e-con-inner\">\n\t\t<div class=\"elementor-element elementor-element-605b822 e-con-full e-flex e-con e-child\" data-id=\"605b822\" data-element_type=\"container\">\n\t\t<div class=\"elementor-element elementor-element-6f7f959 e-con-full e-flex e-con e-child\" data-id=\"6f7f959\" data-element_type=\"container\">\n\t\t\t\t<div class=\"elementor-element elementor-element-75b800f elementor-widget elementor-widget-heading\" data-id=\"75b800f\" data-element_type=\"widget\" data-widget_type=\"heading.default\">\n\t\t\t\t<div class=\"elementor-widget-container\">\n\t\t\t\t\t<h1 class=\"elementor-heading-title elementor-size-default\">O nama<\/h1>\t\t\t\t<\/div>\n\t\t\t\t<\/div>\n\t\t\t\t<div class=\"elementor-element elementor-element-cf4905a elementor-widget elementor-widget-woocommerce-breadcrumb\" data-id=\"cf4905a\" data-element_type=\"widget\" data-widget_type=\"woocommerce-breadcrumb.default\">\n\t\t\t\t<div class=\"elementor-widget-container\">\n\t\t\t\t\t<nav class=\"wd-breadcrumbs woocommerce-breadcrumb\" aria-label=\"Breadcrumb\">\t\t\t\t<span class=\"wd-last\">\n\t\t\t\t\tStartseite\t\t\t\t<\/span>\n\t\t\t<\/nav>\t\t\t\t<\/div>\n\t\t\t\t<\/div>\n\t\t\t\t<div class=\"elementor-element elementor-element-74d4d178 elementor-widget__width-inherit color-scheme-inherit text-left elementor-widget elementor-widget-text-editor\" data-id=\"74d4d178\" data-element_type=\"widget\" data-widget_type=\"text-editor.default\">\n\t\t\t\t<div class=\"elementor-widget-container\">\n\t\t\t\t\t\t\t\t\t<p>Dobrodo\u0161li u Legacy Media Event, kompaniju posve\u0107enu organizaciji jedinstvenih doga\u0111aja \u0161irom Evrope. Specijalizovani smo za organizaciju seminara, stand-up nastupa i umetni\u010dkih performansa, stvaraju\u0107i platformu na kojoj se vrhunski izvo\u0111a\u010di i publika spajaju u nezaboravnim iskustvima.<\/p><p>Na\u0161a misija je da umetnicima iz razli\u010ditih zemalja omogu\u0107imo da predstave svoj talenat na evropskoj sceni, dok publici pru\u017eamo jednostavan na\u010din da nabave ulaznice za na\u0161e doga\u0111aje putem na\u0161eg sajta. Ponosni smo na to \u0161to svaki detalj doga\u0111aja osmi\u0161ljavamo s profesionalizmom, odgovorno\u0161\u0107u i efikasno\u0161\u0107u.<\/p><p>Pored sopstvenih doga\u0111aja, pru\u017eamo usluge organizacije doga\u0111aja za klijente koji tra\u017ee profesionalnog partnera za realizaciju svojih ideja. Bilo da je re\u010d o seminaru, korporativnom doga\u0111aju ili posebnom nastupu, osiguravamo da svaki aspekt organizacije bude besprekoran.<\/p><p>Ako tra\u017eite kvalitetan sadr\u017eaj, inspirativne nastupe i organizaciju na vrhunskom nivou \u2013 Legacy Media Event je pravo mesto za vas!<\/p>\t\t\t\t\t\t\t\t<\/div>\n\t\t\t\t<\/div>\n\t\t\t\t<\/div>\n\t\t\t\t<\/div>\n\t\t\t\t\t<\/div>\n\t\t\t\t<\/div>\n\t\t<div class=\"elementor-element elementor-element-629ef93 e-flex e-con-boxed e-con e-parent\" data-id=\"629ef93\" data-element_type=\"container\">\n\t\t\t\t\t<div class=\"e-con-inner\">\n\t\t<div class=\"elementor-element elementor-element-0ba7079 e-flex e-con-boxed e-con e-child\" data-id=\"0ba7079\" data-element_type=\"container\">\n\t\t\t\t\t<div class=\"e-con-inner\">\n\t\t\t\t<div class=\"elementor-element elementor-element-816f29d elementor-widget elementor-widget-heading\" data-id=\"816f29d\" data-element_type=\"widget\" data-widget_type=\"heading.default\">\n\t\t\t\t<div class=\"elementor-widget-container\">\n\t\t\t\t\t<div class=\"elementor-heading-title elementor-size-default\">FAQ<\/div>\t\t\t\t<\/div>\n\t\t\t\t<\/div>\n\t\t\t\t<div class=\"elementor-element elementor-element-09e3490 elementor-widget elementor-widget-heading\" data-id=\"09e3490\" data-element_type=\"widget\" data-widget_type=\"heading.default\">\n\t\t\t\t<div class=\"elementor-widget-container\">\n\t\t\t\t\t<p class=\"elementor-heading-title elementor-size-default\">Naj\u010de\u0161\u0107a pitanja<\/p>\t\t\t\t<\/div>\n\t\t\t\t<\/div>\n\t\t<div class=\"elementor-element elementor-element-f7ec68f e-flex e-con-boxed e-con e-child\" data-id=\"f7ec68f\" data-element_type=\"container\">\n\t\t\t\t\t<div class=\"e-con-inner\">\n\t\t<div class=\"elementor-element elementor-element-7e3dcd0 e-flex e-con-boxed e-con e-child\" data-id=\"7e3dcd0\" data-element_type=\"container\">\n\t\t\t\t\t<div class=\"e-con-inner\">\n\t\t\t\t<div class=\"elementor-element elementor-element-3108857 elementor-widget elementor-widget-n-accordion\" data-id=\"3108857\" data-element_type=\"widget\" data-settings=\"{&quot;default_state&quot;:&quot;expanded&quot;,&quot;max_items_expended&quot;:&quot;one&quot;,&quot;n_accordion_animation_duration&quot;:{&quot;unit&quot;:&quot;ms&quot;,&quot;size&quot;:400,&quot;sizes&quot;:[]}}\" data-widget_type=\"nested-accordion.default\">\n\t\t\t\t<div class=\"elementor-widget-container\">\n\t\t\t\t\t\t\t<div class=\"e-n-accordion\" aria-label=\"Accordion. Open links with Enter or Space, close with Escape, and navigate with Arrow Keys\">\n\t\t\t\t\t\t<details id=\"e-n-accordion-item-5140\" class=\"e-n-accordion-item\" open>\n\t\t\t\t<summary class=\"e-n-accordion-item-title\" data-accordion-index=\"1\" tabindex=\"0\" aria-expanded=\"true\" aria-controls=\"e-n-accordion-item-5140\" >\n\t\t\t\t\t<span class='e-n-accordion-item-title-header'><div class=\"e-n-accordion-item-title-text\"> Bukirao sam pogre\u0161an doga\u0111aj \/ pogre\u0161an broj karata \/ pogre\u0161nu kategoriju? <\/div><\/span>\n\t\t\t\t\t\t\t<span class='e-n-accordion-item-title-icon'>\n\t\t\t<span class='e-opened' ><i aria-hidden=\"true\" class=\"jki jki-question-circle-light\"><\/i><\/span>\n\t\t\t<span class='e-closed'><i aria-hidden=\"true\" class=\"jki jki-question-circle-light\"><\/i><\/span>\n\t\t<\/span>\n\n\t\t\t\t\t\t<\/summary>\n\t\t\t\t<div role=\"region\" aria-labelledby=\"e-n-accordion-item-5140\" class=\"elementor-element elementor-element-d29f713 e-con-full e-flex e-con e-child\" data-id=\"d29f713\" data-element_type=\"container\">\n\t\t<div class=\"wd-negative-gap elementor-element elementor-element-c8923c5 e-flex e-con-boxed e-con e-child\" role=\"region\" aria-labelledby=\"e-n-accordion-item-5140\" data-id=\"c8923c5\" data-element_type=\"container\">\n\t\t\t\t\t<div class=\"e-con-inner\">\n\t\t\t\t<div class=\"elementor-element elementor-element-5702f69 color-scheme-inherit text-left elementor-widget elementor-widget-text-editor\" data-id=\"5702f69\" data-element_type=\"widget\" data-widget_type=\"text-editor.default\">\n\t\t\t\t<div class=\"elementor-widget-container\">\n\t\t\t\t\t\t\t\t\tOdmah nakon zavr\u0161etka procesa kupovine, sistem automatski evidentira ulaznice kao prodate, i nikakve promene nisu mogu\u0107e. Stoga Vas molimo da nas kontaktirate na mail <a href=\"mailto:info@legacymediaevent.com\">info@legacymediaevent.com<\/a>\t\t\t\t\t\t\t\t<\/div>\n\t\t\t\t<\/div>\n\t\t\t\t\t<\/div>\n\t\t\t\t<\/div>\n\t\t\t\t<\/div>\n\t\t\t\t\t<\/details>\n\t\t\t\t\t\t<details id=\"e-n-accordion-item-5141\" class=\"e-n-accordion-item\" >\n\t\t\t\t<summary class=\"e-n-accordion-item-title\" data-accordion-index=\"2\" tabindex=\"-1\" aria-expanded=\"false\" aria-controls=\"e-n-accordion-item-5141\" >\n\t\t\t\t\t<span class='e-n-accordion-item-title-header'><div class=\"e-n-accordion-item-title-text\"> Mogu li nakon kupovine promeniti ili otkazati moju rezervaciju? <\/div><\/span>\n\t\t\t\t\t\t\t<span class='e-n-accordion-item-title-icon'>\n\t\t\t<span class='e-opened' ><i aria-hidden=\"true\" class=\"jki jki-question-circle-light\"><\/i><\/span>\n\t\t\t<span class='e-closed'><i aria-hidden=\"true\" class=\"jki jki-question-circle-light\"><\/i><\/span>\n\t\t<\/span>\n\n\t\t\t\t\t\t<\/summary>\n\t\t\t\t<div role=\"region\" aria-labelledby=\"e-n-accordion-item-5141\" class=\"elementor-element elementor-element-dc19108 e-con-full e-flex e-con e-child\" data-id=\"dc19108\" data-element_type=\"container\">\n\t\t<div class=\"wd-negative-gap elementor-element elementor-element-015d8b1 e-flex e-con-boxed e-con e-child\" role=\"region\" aria-labelledby=\"e-n-accordion-item-5141\" data-id=\"015d8b1\" data-element_type=\"container\">\n\t\t\t\t\t<div class=\"e-con-inner\">\n\t\t\t\t<div class=\"elementor-element elementor-element-506c351 color-scheme-inherit text-left elementor-widget elementor-widget-text-editor\" data-id=\"506c351\" data-element_type=\"widget\" data-widget_type=\"text-editor.default\">\n\t\t\t\t<div class=\"elementor-widget-container\">\n\t\t\t\t\t\t\t\t\t<p>Nakon kupovine sistem automatski evidentira ulaznicu kao prodatu.<\/p><p>Otkazivanje ulaznice nije mogu\u0107e dok je zamena mogu\u0107a .Stoga Vas molimo da nas kontaktirate na email <a href=\"mailto:info@legacymediaevent.com\">info@legacymediaevent.com<\/a><\/p>\t\t\t\t\t\t\t\t<\/div>\n\t\t\t\t<\/div>\n\t\t\t\t\t<\/div>\n\t\t\t\t<\/div>\n\t\t\t\t<\/div>\n\t\t\t\t\t<\/details>\n\t\t\t\t\t\t<details id=\"e-n-accordion-item-5142\" class=\"e-n-accordion-item\" >\n\t\t\t\t<summary class=\"e-n-accordion-item-title\" data-accordion-index=\"3\" tabindex=\"-1\" aria-expanded=\"false\" aria-controls=\"e-n-accordion-item-5142\" >\n\t\t\t\t\t<span class='e-n-accordion-item-title-header'><div class=\"e-n-accordion-item-title-text\"> Kupio sam ulaznice na internetu, ali jo\u0161 nisam dobio potvrdu? <\/div><\/span>\n\t\t\t\t\t\t\t<span class='e-n-accordion-item-title-icon'>\n\t\t\t<span class='e-opened' ><i aria-hidden=\"true\" class=\"jki jki-question-circle-light\"><\/i><\/span>\n\t\t\t<span class='e-closed'><i aria-hidden=\"true\" class=\"jki jki-question-circle-light\"><\/i><\/span>\n\t\t<\/span>\n\n\t\t\t\t\t\t<\/summary>\n\t\t\t\t<div role=\"region\" aria-labelledby=\"e-n-accordion-item-5142\" class=\"elementor-element elementor-element-4c7b983 e-con-full e-flex e-con e-child\" data-id=\"4c7b983\" data-element_type=\"container\">\n\t\t<div class=\"wd-negative-gap elementor-element elementor-element-4b5a10a e-flex e-con-boxed e-con e-child\" role=\"region\" aria-labelledby=\"e-n-accordion-item-5142\" data-id=\"4b5a10a\" data-element_type=\"container\">\n\t\t\t\t\t<div class=\"e-con-inner\">\n\t\t\t\t<div class=\"elementor-element elementor-element-d24cb1a color-scheme-inherit text-left elementor-widget elementor-widget-text-editor\" data-id=\"d24cb1a\" data-element_type=\"widget\" data-widget_type=\"text-editor.default\">\n\t\t\t\t<div class=\"elementor-widget-container\">\n\t\t\t\t\t\t\t\t\t<p>Ukoliko potvrdu ne dobijete u roku od 24 h , potrebno nas je kontaktirati na email adresu <a href=\"mailto:info@legacymediaevent.com\">info@legacymediaevent.com<\/a><\/p>\t\t\t\t\t\t\t\t<\/div>\n\t\t\t\t<\/div>\n\t\t\t\t\t<\/div>\n\t\t\t\t<\/div>\n\t\t\t\t<\/div>\n\t\t\t\t\t<\/details>\n\t\t\t\t\t\t<details id=\"e-n-accordion-item-5143\" class=\"e-n-accordion-item\" >\n\t\t\t\t<summary class=\"e-n-accordion-item-title\" data-accordion-index=\"4\" tabindex=\"-1\" aria-expanded=\"false\" aria-controls=\"e-n-accordion-item-5143\" >\n\t\t\t\t\t<span class='e-n-accordion-item-title-header'><div class=\"e-n-accordion-item-title-text\"> Moja kupovina nije uspela \/ do\u0161lo je do gre\u0161ke? <\/div><\/span>\n\t\t\t\t\t\t\t<span class='e-n-accordion-item-title-icon'>\n\t\t\t<span class='e-opened' ><i aria-hidden=\"true\" class=\"jki jki-question-circle-light\"><\/i><\/span>\n\t\t\t<span class='e-closed'><i aria-hidden=\"true\" class=\"jki jki-question-circle-light\"><\/i><\/span>\n\t\t<\/span>\n\n\t\t\t\t\t\t<\/summary>\n\t\t\t\t<div role=\"region\" aria-labelledby=\"e-n-accordion-item-5143\" class=\"elementor-element elementor-element-bfde9c4 e-con-full e-flex e-con e-child\" data-id=\"bfde9c4\" data-element_type=\"container\">\n\t\t<div class=\"wd-negative-gap elementor-element elementor-element-bafc43a e-flex e-con-boxed e-con e-child\" role=\"region\" aria-labelledby=\"e-n-accordion-item-5143\" data-id=\"bafc43a\" data-element_type=\"container\">\n\t\t\t\t\t<div class=\"e-con-inner\">\n\t\t\t\t<div class=\"elementor-element elementor-element-ae906b5 color-scheme-inherit text-left elementor-widget elementor-widget-text-editor\" data-id=\"ae906b5\" data-element_type=\"widget\" data-widget_type=\"text-editor.default\">\n\t\t\t\t<div class=\"elementor-widget-container\">\n\t\t\t\t\t\t\t\t\t<p>Molim vas da nas kontaktirate na email adresu <a href=\"mailto:info@legacymediaevent.com\">info@legacymediaevent.com<\/a> ili putem telefona +49 1575 5053191<\/p>\t\t\t\t\t\t\t\t<\/div>\n\t\t\t\t<\/div>\n\t\t\t\t\t<\/div>\n\t\t\t\t<\/div>\n\t\t\t\t<\/div>\n\t\t\t\t\t<\/details>\n\t\t\t\t\t\t<details id=\"e-n-accordion-item-5144\" class=\"e-n-accordion-item\" >\n\t\t\t\t<summary class=\"e-n-accordion-item-title\" data-accordion-index=\"5\" tabindex=\"-1\" aria-expanded=\"false\" aria-controls=\"e-n-accordion-item-5144\" >\n\t\t\t\t\t<span class='e-n-accordion-item-title-header'><div class=\"e-n-accordion-item-title-text\"> Kako su kreirani dodatni tro\u0161kovi na mom ra\u010dunu? <\/div><\/span>\n\t\t\t\t\t\t\t<span class='e-n-accordion-item-title-icon'>\n\t\t\t<span class='e-opened' ><i aria-hidden=\"true\" class=\"jki jki-question-circle-light\"><\/i><\/span>\n\t\t\t<span class='e-closed'><i aria-hidden=\"true\" class=\"jki jki-question-circle-light\"><\/i><\/span>\n\t\t<\/span>\n\n\t\t\t\t\t\t<\/summary>\n\t\t\t\t<div role=\"region\" aria-labelledby=\"e-n-accordion-item-5144\" class=\"elementor-element elementor-element-00c0f82 e-con-full e-flex e-con e-child\" data-id=\"00c0f82\" data-element_type=\"container\">\n\t\t<div class=\"wd-negative-gap elementor-element elementor-element-a97d620 e-flex e-con-boxed e-con e-child\" role=\"region\" aria-labelledby=\"e-n-accordion-item-5144\" data-id=\"a97d620\" data-element_type=\"container\">\n\t\t\t\t\t<div class=\"e-con-inner\">\n\t\t\t\t<div class=\"elementor-element elementor-element-dd6c6ae color-scheme-inherit text-left elementor-widget elementor-widget-text-editor\" data-id=\"dd6c6ae\" data-element_type=\"widget\" data-widget_type=\"text-editor.default\">\n\t\t\t\t<div class=\"elementor-widget-container\">\n\t\t\t\t\t\t\t\t\tKona\u010dan iznos koji morate da platite za ulaznice se sastoji od cene ulaznica, dodatnih tro\u0161kova servisa po porud\u017ebini (uklju\u010duju\u0107i i sve druge naknade koje se odnose na rezervisanje i bukiranje ulaznica)\t\t\t\t\t\t\t\t<\/div>\n\t\t\t\t<\/div>\n\t\t\t\t\t<\/div>\n\t\t\t\t<\/div>\n\t\t\t\t<\/div>\n\t\t\t\t\t<\/details>\n\t\t\t\t\t<\/div>\n\t\t\t\t\t\t<\/div>\n\t\t\t\t<\/div>\n\t\t\t\t\t<\/div>\n\t\t\t\t<\/div>\n\t\t\t\t\t<\/div>\n\t\t\t\t<\/div>\n\t\t\t\t\t<\/div>\n\t\t\t\t<\/div>\n\t\t\t\t\t<\/div>\n\t\t\t\t<\/div>\n\t\t\t\t<\/div>","protected":false},"excerpt":{"rendered":"<p>Dobrodo\u0161li u Legacy Media Event, kompaniju posve\u0107enu organizaciji jedinstvenih doga\u0111aja \u0161irom Evrope. Specijalizovani smo za organizaciju seminara, stand-up nastupa i<\/p>","protected":false},"author":1,"featured_media":0,"parent":0,"menu_order":0,"comment_status":"closed","ping_status":"closed","template":"elementor_header_footer","meta":{"_acf_changed":false,"footnotes":""},"class_list":["post-4400","page","type-page","status-publish","hentry"],"acf":[],"jetpack_sharing_enabled":true,"_links":{"self":[{"href":"https:\/\/legacymediaevent.com\/de\/wp-json\/wp\/v2\/pages\/4400","targetHints":{"allow":["GET"]}}],"collection":[{"href":"https:\/\/legacymediaevent.com\/de\/wp-json\/wp\/v2\/pages"}],"about":[{"href":"https:\/\/legacymediaevent.com\/de\/wp-json\/wp\/v2\/types\/page"}],"author":[{"embeddable":true,"href":"https:\/\/legacymediaevent.com\/de\/wp-json\/wp\/v2\/users\/1"}],"replies":[{"embeddable":true,"href":"https:\/\/legacymediaevent.com\/de\/wp-json\/wp\/v2\/comments?post=4400"}],"version-history":[{"count":3,"href":"https:\/\/legacymediaevent.com\/de\/wp-json\/wp\/v2\/pages\/4400\/revisions"}],"predecessor-version":[{"id":18419,"href":"https:\/\/legacymediaevent.com\/de\/wp-json\/wp\/v2\/pages\/4400\/revisions\/18419"}],"wp:attachment":[{"href":"https:\/\/legacymediaevent.com\/de\/wp-json\/wp\/v2\/media?parent=4400"}],"curies":[{"name":"wp","href":"https:\/\/api.w.org\/{rel}","templated":true}]}}