{"id":19087,"date":"2025-10-01T19:23:51","date_gmt":"2025-10-01T17:23:51","guid":{"rendered":"https:\/\/legacymediaevent.com\/?post_type=product&#038;p=19087"},"modified":"2025-11-27T07:27:18","modified_gmt":"2025-11-27T06:27:18","slug":"folklorni-festival-kolo-veza-koja-traje","status":"publish","type":"product","link":"https:\/\/legacymediaevent.com\/de\/p\/folklorni-festival-kolo-veza-koja-traje\/","title":{"rendered":"Folklorni Festival &#8211; Kolo &#8211; Veza koja traje"},"content":{"rendered":"<p>Po\u0161tovani prijatelji i ljubitelji folklora,<\/p>\n<p>srda\u010dno Vas pozivamo na u\u010de\u0161\u0107e na ovogodi\u0161njem folklornom festivalu<br \/>\n\u201eKolo \u2013 veza koja traje\u201c,<br \/>\nkoji organizujemo 22. novembra 2025. godine u Minhenu, na adresi<br \/>\nGeorg-Zech-Allee 15, 80995 M\u00fcnchen.<\/p>\n<p>Cilj manifestacije je da zbli\u017eimo i spojimo sve generacije, malene i velike igra\u010de. \ud83d\ude0a<br \/>\nTe da folkloristi iz svih krajeva zablistaju svojim koreografijama na sceni i poka\u017eu bogatstvo i rasko\u0161 na\u0161e folklorne tradicije.<br \/>\nNakon kulturno\u2013umetni\u010dkog dela ve\u010deri, sledi nezaboravna \u017eurka i provod uz Tamara Milutinovi\u0107.<\/p>\n<p>Prijavu za u\u010de\u0161\u0107e na festivalu mo\u017eete dostaviti na na\u0161u mejl adresu<br \/>\ninfo@kud-kolo.de<br \/>\nnajkasnije do 01. oktobra.<\/p>\n<p>Broj u\u010desnika je ograni\u010den tako da se radujemo Va\u0161oj prijavi \u0161to pre.<\/p>\n<p>Srda\u010dno,<br \/>\nKUD KOLO Minhen<\/p>","protected":false},"excerpt":{"rendered":"<p>Po\u0161tovani prijatelji i ljubitelji folklora,<\/p>\n<p>srda\u010dno Vas pozivamo na u\u010de\u0161\u0107e na ovogodi\u0161njem folklornom festivalu<br \/>\n\u201eKolo \u2013 veza koja traje\u201c,<br \/>\nkoji organizujemo 22. novembra 2025. godine u Minhenu, na adresi<br \/>\nGeorg-Zech-Allee 15, 80995 M\u00fcnchen.<\/p>\n<p>Cilj manifestacije je da zbli\u017eimo i spojimo sve generacije, malene i velike igra\u010de. \ud83d\ude0a<br \/>\nTe da folkloristi iz svih krajeva zablistaju svojim koreografijama na sceni i poka\u017eu bogatstvo i rasko\u0161 na\u0161e folklorne tradicije.<br \/>\nNakon kulturno\u2013umetni\u010dkog dela ve\u010deri, sledi nezaboravna \u017eurka i provod uz Tamara Milutinovi\u0107.<\/p>","protected":false},"featured_media":19277,"comment_status":"open","ping_status":"closed","template":"","meta":{"_acf_changed":false},"product_brand":[],"product_cat":[20],"product_tag":[],"class_list":{"0":"post-19087","1":"product","2":"type-product","3":"status-publish","4":"has-post-thumbnail","6":"product_cat-koncerti","8":"first","9":"outofstock","10":"taxable","11":"shipping-taxable","12":"purchasable","13":"product-type-simple"},"acf":[],"jetpack_sharing_enabled":true,"_links":{"self":[{"href":"https:\/\/legacymediaevent.com\/de\/wp-json\/wp\/v2\/product\/19087","targetHints":{"allow":["GET"]}}],"collection":[{"href":"https:\/\/legacymediaevent.com\/de\/wp-json\/wp\/v2\/product"}],"about":[{"href":"https:\/\/legacymediaevent.com\/de\/wp-json\/wp\/v2\/types\/product"}],"replies":[{"embeddable":true,"href":"https:\/\/legacymediaevent.com\/de\/wp-json\/wp\/v2\/comments?post=19087"}],"version-history":[{"count":3,"href":"https:\/\/legacymediaevent.com\/de\/wp-json\/wp\/v2\/product\/19087\/revisions"}],"predecessor-version":[{"id":19092,"href":"https:\/\/legacymediaevent.com\/de\/wp-json\/wp\/v2\/product\/19087\/revisions\/19092"}],"wp:featuredmedia":[{"embeddable":true,"href":"https:\/\/legacymediaevent.com\/de\/wp-json\/wp\/v2\/media\/19277"}],"wp:attachment":[{"href":"https:\/\/legacymediaevent.com\/de\/wp-json\/wp\/v2\/media?parent=19087"}],"wp:term":[{"taxonomy":"product_brand","embeddable":true,"href":"https:\/\/legacymediaevent.com\/de\/wp-json\/wp\/v2\/product_brand?post=19087"},{"taxonomy":"product_cat","embeddable":true,"href":"https:\/\/legacymediaevent.com\/de\/wp-json\/wp\/v2\/product_cat?post=19087"},{"taxonomy":"product_tag","embeddable":true,"href":"https:\/\/legacymediaevent.com\/de\/wp-json\/wp\/v2\/product_tag?post=19087"}],"curies":[{"name":"wp","href":"https:\/\/api.w.org\/{rel}","templated":true}]}}