{"id":19807,"date":"2025-11-25T20:41:03","date_gmt":"2025-11-25T19:41:03","guid":{"rendered":"https:\/\/legacymediaevent.com\/?post_type=product&#038;p=19807"},"modified":"2025-12-02T19:58:53","modified_gmt":"2025-12-02T18:58:53","slug":"vece-sa-panicem-mannheim-termin-2","status":"publish","type":"product","link":"https:\/\/legacymediaevent.com\/de\/p\/vece-sa-panicem-mannheim-termin-2\/","title":{"rendered":"Ve\u010de sa Pani\u0107em &#8211; Mannheim &#8211; Termin 2"},"content":{"rendered":"<p>Ve\u010de sa Pani\u0107em u Mannheimu.<\/p>\n<p>Ne propustite priliku za smeh i druzenje sa Ivanom u Mannheimu.<\/p>\n<p>Potvrda koju dobijete putem e-po\u0161te jesu va\u0161a ulaznica.<\/p>\n<p>Datum :<\/p>\n<p>30.11.2025 sa po\u010detkom u 17:00 h<\/p>\n<p>Ulazak \u0107e biti mogu\u0107 od 16:30 h<\/p>\n<p>Adresa :Hermsheimer Str. 23 , 68163 Mannheim- Clubhaus 07<\/p>","protected":false},"excerpt":{"rendered":"<p>Ve\u010de sa Pani\u0107em u Mannheimu.<\/p>\n<p>Ne propustite priliku za smeh i druzenje sa Ivanom u Mannheimu.<\/p>","protected":false},"featured_media":19805,"comment_status":"open","ping_status":"closed","template":"","meta":{"_acf_changed":false},"product_brand":[],"product_cat":[128],"product_tag":[],"class_list":{"0":"post-19807","1":"product","2":"type-product","3":"status-publish","4":"has-post-thumbnail","6":"product_cat-stand-up","8":"first","9":"outofstock","10":"taxable","11":"shipping-taxable","12":"purchasable","13":"product-type-simple"},"acf":[],"jetpack_sharing_enabled":true,"_links":{"self":[{"href":"https:\/\/legacymediaevent.com\/de\/wp-json\/wp\/v2\/product\/19807","targetHints":{"allow":["GET"]}}],"collection":[{"href":"https:\/\/legacymediaevent.com\/de\/wp-json\/wp\/v2\/product"}],"about":[{"href":"https:\/\/legacymediaevent.com\/de\/wp-json\/wp\/v2\/types\/product"}],"replies":[{"embeddable":true,"href":"https:\/\/legacymediaevent.com\/de\/wp-json\/wp\/v2\/comments?post=19807"}],"version-history":[{"count":1,"href":"https:\/\/legacymediaevent.com\/de\/wp-json\/wp\/v2\/product\/19807\/revisions"}],"predecessor-version":[{"id":19808,"href":"https:\/\/legacymediaevent.com\/de\/wp-json\/wp\/v2\/product\/19807\/revisions\/19808"}],"wp:featuredmedia":[{"embeddable":true,"href":"https:\/\/legacymediaevent.com\/de\/wp-json\/wp\/v2\/media\/19805"}],"wp:attachment":[{"href":"https:\/\/legacymediaevent.com\/de\/wp-json\/wp\/v2\/media?parent=19807"}],"wp:term":[{"taxonomy":"product_brand","embeddable":true,"href":"https:\/\/legacymediaevent.com\/de\/wp-json\/wp\/v2\/product_brand?post=19807"},{"taxonomy":"product_cat","embeddable":true,"href":"https:\/\/legacymediaevent.com\/de\/wp-json\/wp\/v2\/product_cat?post=19807"},{"taxonomy":"product_tag","embeddable":true,"href":"https:\/\/legacymediaevent.com\/de\/wp-json\/wp\/v2\/product_tag?post=19807"}],"curies":[{"name":"wp","href":"https:\/\/api.w.org\/{rel}","templated":true}]}}